{"id":440,"date":"2020-06-28T13:27:42","date_gmt":"2020-06-28T13:27:42","guid":{"rendered":"https:\/\/brusselschiropractic.be\/?page_id=440"},"modified":"2020-12-17T12:41:33","modified_gmt":"2020-12-17T12:41:33","slug":"chiropractic-adjustments","status":"publish","type":"page","link":"https:\/\/brusselschiropractic.be\/nl\/about-chiropractic\/treatment\/chiropractic-adjustments\/","title":{"rendered":"Chiropractische aanpassingen"},"content":{"rendered":"<p>[et_pb_section fb_built=&#8221;1&#8243; next_background_color=&#8221;#ffffff&#8221; admin_label=&#8221;section&#8221; module_id=&#8221;divi-sticky-header-hp-fix&#8221; _builder_version=&#8221;4.7.1&#8243; background_color=&#8221;#e9eaee&#8221; width=&#8221;100%&#8221; module_alignment=&#8221;center&#8221; height_tablet=&#8221;130px&#8221; height_phone=&#8221;100px&#8221; height_last_edited=&#8221;on|phone&#8221; custom_margin=&#8221;0px||0px||true|false&#8221; custom_padding=&#8221;0px||0px||true|&#8221; top_divider_height_tablet=&#8221;&#8221; top_divider_height_phone=&#8221;&#8221; top_divider_height_last_edited=&#8221;on|tablet&#8221; bottom_divider_style=&#8221;wave2&#8243; bottom_divider_height=&#8221;40px&#8221; bottom_divider_flip=&#8221;vertical&#8221; bottom_divider_height_tablet=&#8221;&#8221; bottom_divider_height_phone=&#8221;&#8221; bottom_divider_height_last_edited=&#8221;on|tablet&#8221;][et_pb_row admin_label=&#8221;row&#8221; _builder_version=&#8221;4.4.8&#8243; custom_margin=&#8221;0px||0px||true|false&#8221; custom_padding=&#8221;0px||0px||true|false&#8221;][et_pb_column type=&#8221;4_4&#8243; _builder_version=&#8221;3.25&#8243; custom_padding=&#8221;|||&#8221; custom_padding__hover=&#8221;|||&#8221;][dipl_breadcrumb breadcrumb_layout=&#8221;layout2&#8243; separator_type=&#8221;icon_separator&#8221; separator_icon=&#8221;%%20%%&#8221; separator_color=&#8221;#4d4d4f&#8221; use_home_link_icon=&#8221;on&#8221; hide_home_text=&#8221;on&#8221; home_link_icon=&#8221;%%236%%&#8221; home_link_icon_color=&#8221;#4d4d4f&#8221; home_link_icon_size=&#8221;14px&#8221; _builder_version=&#8221;4.7.7&#8243; _module_preset=&#8221;default&#8221; global_text_settings_text_align=&#8221;right&#8221; global_text_settings_font_size=&#8221;12px&#8221; text_text_color=&#8221;#4d4d4f&#8221; link_text_color=&#8221;#a0ce4e&#8221; custom_margin=&#8221;5px||0px||false|false&#8221; custom_padding=&#8221;||||false|false&#8221;][\/dipl_breadcrumb][\/et_pb_column][\/et_pb_row][et_pb_row admin_label=&#8221;row&#8221; _builder_version=&#8221;4.4.8&#8243; background_size=&#8221;initial&#8221; background_position=&#8221;top_left&#8221; background_repeat=&#8221;repeat&#8221; custom_margin=&#8221;0px||0px||true|false&#8221; custom_padding=&#8221;0px||0px||true|false&#8221;][et_pb_column type=&#8221;4_4&#8243; _builder_version=&#8221;4.4.8&#8243; custom_padding=&#8221;0px||0px||true|false&#8221; custom_padding__hover=&#8221;|||&#8221;][et_pb_text admin_label=&#8221;Text&#8221; _builder_version=&#8221;4.7.1&#8243; _dynamic_attributes=&#8221;content&#8221; header_font=&#8221;|||on|||||&#8221; background_size=&#8221;initial&#8221; background_position=&#8221;top_left&#8221; background_repeat=&#8221;repeat&#8221; custom_margin=&#8221;10px||10px||true|false&#8221; custom_padding=&#8221;0px||0px||true|false&#8221; custom_padding_tablet=&#8221;15px||||false|false&#8221; custom_padding_phone=&#8221;15px||||false|false&#8221; custom_padding_last_edited=&#8221;on|desktop&#8221;]@ET-DC@eyJkeW5hbWljIjp0cnVlLCJjb250ZW50IjoicG9zdF90aXRsZSIsInNldHRpbmdzIjp7ImJlZm9yZSI6IjxoMj4iLCJhZnRlciI6IjwvaDI+In19@[\/et_pb_text][\/et_pb_column][\/et_pb_row][\/et_pb_section][et_pb_section fb_built=&#8221;1&#8243; admin_label=&#8221;section&#8221; _builder_version=&#8221;3.22&#8243; custom_padding=&#8221;0px|||||&#8221;][et_pb_row column_structure=&#8221;2_3,1_3&#8243; _builder_version=&#8221;4.5.3&#8243;][et_pb_column type=&#8221;2_3&#8243; _builder_version=&#8221;4.4.8&#8243;][et_pb_text _builder_version=&#8221;4.7.7&#8243; _module_preset=&#8221;default&#8221; hover_enabled=&#8221;0&#8243; sticky_enabled=&#8221;0&#8243;]<\/p>\n<div class=\"post-content\">\n<p>Een Manipulatie of Adjustment is de meest gebruikelijke behandeling welke een chiropractor uitvoert.<span id=\"more-395\"><\/span><\/p>\n<p>After locating the regions of fixation in the patient\u2019s spine, the chiropractor will usually place his hands on the patient\u2019s neck or back. He or she will make a low-force manual manoeuvre in the direction of the joint restoring proper motion.<\/p>\n<p>Effecten van de chiropractische manipulatie zijn onder andere:<\/p>\n<ul>\n<li>Vergrote mobiliteit van de gewrichten<\/li>\n<li>Verminderde lokale gevoeligheid\/pijn<\/li>\n<li>Verminderde spanning in de spieren<\/li>\n<li>Verbeterde co\u00f6rdinatie van de spieren<\/li>\n<\/ul>\n<p class=\"translation-block\">Deze effecten kunnen zowel optreden op de plek van de behandeling alsook op gerelateerde delen van het lichaam. Onderzoek heeft bijvoorbeeld aangetoond dat manipulaties van de ruggengraat tussen de schouders, hoofdpijn bij pati\u00ebnt met een bepaalde conditie kan verminderen.<\/p>\n<p>Aanpassingen worden meestal uitgevoerd op de gewrichten van de wervelkolom of het bekken van de pati\u00ebnt, maar aanpassingen aan polsen, ellebogen, knie\u00ebn, enkels en heupen kunnen voor sommige pati\u00ebnten ook gunstig zijn.<\/p>\n<p><img loading=\"lazy\" decoding=\"async\" src=\"https:\/\/brusselschiropractic.be\/wp-content\/uploads\/2020\/06\/chiropractic-center-brussels-shoulder-neck-treatment-2-300.jpg\" alt=\"\" class=\"wp-image-445 alignright size-full\" width=\"300\" height=\"200\" \/>When the treatment happens a click or pop frequently, but not always, occurs. This is a normal phenomena and is similar to the sensation of pulling your fingers. The technical term is called cavitation. This is the release of air bubbles inside the joint fluid as the distance between the bones rapidly increases. The loudness of this sound is usually co-incidental and not related to the outcome of the therapy.<\/p>\n<p>Voor veel pati\u00ebnten is deze vorm van therapie een prettige ervaring. De eerste keer kan het echter misschien wat vreemd of oncomfortabel voelen. Het is ook vrij gebruikelijk om lokaal gevoeliger te zijn of soms een versterking van de symptomen te ervaren. Wanneer dit gebeurt zal het in de meeste gevallen binnen een paar uur weer verminderen, of soms een dag alter. Wanneer ongemakken na de behandeling meer dan 48 uur duren is het belangrijk om contact op te nemen met uw chiropractor om dit te bespreken.<\/p>\n<p>Uw chiropractor zal zijn of haar best zijn om de uit te voeren behandeling goed uit te leggen en te vertellen hoe u w lichaam waarschijnlijk zal reageren. Ze zullen ook tips geven om irritatie en verergering van uw conditie te voorkomen<\/p>\n<p class=\"translation-block\">Deze techniek is \u00e9\u00e9n van de veiligste en meest effici\u00ebnte manieren om musculoskeletale pijn te behandelen.<\/p>\n<p>Hieronder vindt u een aantal links voor verdere informatie. Voel u vrij om uw chiropractor vragen te stellen die hier niet worden beantwoord.<\/p>\n<h3 data-fontsize=\"16\" data-lineheight=\"24\">Gerelateerde pagina\u2019s<\/h3>\n<p><a href=\"\/nl\/our-team\/our-quality-standards\/\" title=\"Onze Standaarden\">Onze Standaarden<\/a><\/p>\n<h3 data-fontsize=\"16\" data-lineheight=\"24\">Verder lezen?<\/h3>\n<p><a title=\"Joint cracking and popping: Understanding noises that accompany articular release\" href=\"http:\/\/www.jaoa.org\/content\/102\/5\/283.full.pdf+html\" target=\"_blank\" rel=\"noopener noreferrer\">Joint cracking and popping: Understanding noises that accompany articular release<\/a><\/p>\n<\/div>\n<p>[\/et_pb_text][\/et_pb_column][et_pb_column type=&#8221;1_3&#8243; _builder_version=&#8221;4.5.3&#8243; background_color=&#8221;rgba(0,0,0,0)&#8221; custom_padding=&#8221;0px|0px|0px|0px|true|true&#8221;][ds_pbe_layout layout=&#8221;748&#8243; module_class=&#8221;main-sidebar&#8221; _builder_version=&#8221;4.5.3&#8243; _module_preset=&#8221;default&#8221;][\/ds_pbe_layout][\/et_pb_column][\/et_pb_row][\/et_pb_section]<\/p>","protected":false},"excerpt":{"rendered":"<p><div class=\"et_pb_module dipl_breadcrumb dipl_breadcrumb_0\">\n\t\t\t\t\n\t\t\t\t\n\t\t\t\t\n\t\t\t\t\n\t\t\t\t\n\t\t\t\t\n\t\t\t\t<div class=\"et_pb_module_inner\">\n\t\t\t\t\t<div class=\"dipl-breadcrumb-wrapper layout2\">\n\t\t\t\t<ol class=\"dipl-breadcrumb-inner\" vocab=\"https:\/\/schema.org\/\" typeof=\"BreadcrumbList\">\n\t\t\t\t\t<li property=\"itemListElement\" typeof=\"ListItem\" data-icon=\"&#x35;\">\n\t\t\t\t\t\t\t\t<a class=\"breadcrumb-item dipl-home-page\" href=\"https:\/\/brusselschiropractic.be\/nl\" property=\"item\" typeof=\"WebPage\" >\n\t\t\t\t\t\t\t\t\t<span class=\"breadcrumb-page\" property=\"name\">\n\t\t\t\t\t\t\t\t\t\t<span class=\"breadcrumb-home-icon et-pb-icon\">&#xe074;<\/span>\n\t\t\t\t\t\t\t\t\t<\/span>\n\t\t\t\t\t\t\t\t<\/a>\n\t\t\t\t\t\t\t\t<meta property=\"position\" content=\"1\" \/>\n\t\t\t\t\t\t\t<\/li>\n\t\t\t\t<\/ol>\n\t\t\t<\/div>\n\t\t\t\t<\/div>\n\t\t\t<\/div> An Adjustment is the name given to the most common treatment performed by the Chiropractor. After locating the regions of fixation in the patient\u2019s spine, the chiropractor will usually place his hands on the patient\u2019s neck or [&hellip;]<\/p>","protected":false},"author":1,"featured_media":0,"parent":380,"menu_order":0,"comment_status":"closed","ping_status":"closed","template":"","meta":{"_acf_changed":false,"_et_pb_use_builder":"on","_et_pb_old_content":"<!-- wp:divi\/placeholder \/-->","_et_gb_content_width":"","inline_featured_image":false,"iawp_total_views":85,"footnotes":""},"class_list":["post-440","page","type-page","status-publish","hentry"],"acf":[],"yoast_head":"<!-- This site is optimized with the Yoast SEO plugin v24.6 - https:\/\/yoast.com\/wordpress\/plugins\/seo\/ -->\n<title>Chiropractic Adjustments - Brusselschiropractic<\/title>\n<meta name=\"robots\" content=\"index, follow, max-snippet:-1, max-image-preview:large, max-video-preview:-1\" \/>\n<link rel=\"canonical\" href=\"https:\/\/brusselschiropractic.be\/nl\/about-chiropractic\/treatment\/chiropractic-adjustments\/\" \/>\n<meta property=\"og:locale\" content=\"nl_NL\" \/>\n<meta property=\"og:type\" content=\"article\" \/>\n<meta property=\"og:title\" content=\"Chiropractic Adjustments - Brusselschiropractic\" \/>\n<meta property=\"og:description\" content=\"page content\" \/>\n<meta property=\"og:url\" content=\"https:\/\/brusselschiropractic.be\/nl\/about-chiropractic\/treatment\/chiropractic-adjustments\/\" \/>\n<meta property=\"og:site_name\" content=\"Brusselschiropractic\" \/>\n<meta property=\"article:publisher\" content=\"https:\/\/www.facebook.com\/BrusselsChiropractic\" \/>\n<meta property=\"article:modified_time\" content=\"2020-12-17T12:41:33+00:00\" \/>\n<meta property=\"og:image\" content=\"https:\/\/brusselschiropractic.be\/wp-content\/uploads\/2020\/06\/chiropractic-center-brussels-shoulder-neck-treatment-2-300.jpg\" \/>\n\t<meta property=\"og:image:width\" content=\"300\" \/>\n\t<meta property=\"og:image:height\" content=\"200\" \/>\n\t<meta property=\"og:image:type\" content=\"image\/jpeg\" \/>\n<meta name=\"twitter:card\" content=\"summary_large_image\" \/>\n<meta name=\"twitter:label1\" content=\"Geschatte leestijd\" \/>\n\t<meta name=\"twitter:data1\" content=\"4 minuten\" \/>\n<script type=\"application\/ld+json\" class=\"yoast-schema-graph\">{\"@context\":\"https:\/\/schema.org\",\"@graph\":[{\"@type\":\"WebPage\",\"@id\":\"https:\/\/brusselschiropractic.be\/about-chiropractic\/treatment\/chiropractic-adjustments\/\",\"url\":\"https:\/\/brusselschiropractic.be\/about-chiropractic\/treatment\/chiropractic-adjustments\/\",\"name\":\"Chiropractic Adjustments - Brusselschiropractic\",\"isPartOf\":{\"@id\":\"https:\/\/brusselschiropractic.be\/#website\"},\"primaryImageOfPage\":{\"@id\":\"https:\/\/brusselschiropractic.be\/about-chiropractic\/treatment\/chiropractic-adjustments\/#primaryimage\"},\"image\":{\"@id\":\"https:\/\/brusselschiropractic.be\/about-chiropractic\/treatment\/chiropractic-adjustments\/#primaryimage\"},\"thumbnailUrl\":\"https:\/\/brusselschiropractic.be\/wp-content\/uploads\/2020\/06\/chiropractic-center-brussels-shoulder-neck-treatment-2-300.jpg\",\"datePublished\":\"2020-06-28T13:27:42+00:00\",\"dateModified\":\"2020-12-17T12:41:33+00:00\",\"breadcrumb\":{\"@id\":\"https:\/\/brusselschiropractic.be\/about-chiropractic\/treatment\/chiropractic-adjustments\/#breadcrumb\"},\"inLanguage\":\"nl-NL\",\"potentialAction\":[{\"@type\":\"ReadAction\",\"target\":[\"https:\/\/brusselschiropractic.be\/about-chiropractic\/treatment\/chiropractic-adjustments\/\"]}]},{\"@type\":\"ImageObject\",\"inLanguage\":\"nl-NL\",\"@id\":\"https:\/\/brusselschiropractic.be\/about-chiropractic\/treatment\/chiropractic-adjustments\/#primaryimage\",\"url\":\"https:\/\/brusselschiropractic.be\/wp-content\/uploads\/2020\/06\/chiropractic-center-brussels-shoulder-neck-treatment-2-300.jpg\",\"contentUrl\":\"https:\/\/brusselschiropractic.be\/wp-content\/uploads\/2020\/06\/chiropractic-center-brussels-shoulder-neck-treatment-2-300.jpg\"},{\"@type\":\"BreadcrumbList\",\"@id\":\"https:\/\/brusselschiropractic.be\/about-chiropractic\/treatment\/chiropractic-adjustments\/#breadcrumb\",\"itemListElement\":[{\"@type\":\"ListItem\",\"position\":1,\"name\":\"Home\",\"item\":\"https:\/\/brusselschiropractic.be\/\"},{\"@type\":\"ListItem\",\"position\":2,\"name\":\"About Chiropractic\",\"item\":\"https:\/\/brusselschiropractic.be\/about-chiropractic\/\"},{\"@type\":\"ListItem\",\"position\":3,\"name\":\"Treatment\",\"item\":\"https:\/\/brusselschiropractic.be\/about-chiropractic\/treatment\/\"},{\"@type\":\"ListItem\",\"position\":4,\"name\":\"Chiropractic Adjustments\"}]},{\"@type\":\"WebSite\",\"@id\":\"https:\/\/brusselschiropractic.be\/#website\",\"url\":\"https:\/\/brusselschiropractic.be\/\",\"name\":\"Brussels Chiropractic\",\"description\":\"Pain Relief, Injury Prevention &amp; Functional Performance\",\"publisher\":{\"@id\":\"https:\/\/brusselschiropractic.be\/#organization\"},\"potentialAction\":[{\"@type\":\"SearchAction\",\"target\":{\"@type\":\"EntryPoint\",\"urlTemplate\":\"https:\/\/brusselschiropractic.be\/?s={search_term_string}\"},\"query-input\":{\"@type\":\"PropertyValueSpecification\",\"valueRequired\":true,\"valueName\":\"search_term_string\"}}],\"inLanguage\":\"nl-NL\"},{\"@type\":\"Organization\",\"@id\":\"https:\/\/brusselschiropractic.be\/#organization\",\"name\":\"Brussels Chiropractic\",\"url\":\"https:\/\/brusselschiropractic.be\/\",\"logo\":{\"@type\":\"ImageObject\",\"inLanguage\":\"nl-NL\",\"@id\":\"https:\/\/brusselschiropractic.be\/#\/schema\/logo\/image\/\",\"url\":\"https:\/\/brusselschiropractic.be\/wp-content\/uploads\/2020\/06\/brusselschiropractic-logo-01.svg\",\"contentUrl\":\"https:\/\/brusselschiropractic.be\/wp-content\/uploads\/2020\/06\/brusselschiropractic-logo-01.svg\",\"width\":\"1024\",\"height\":\"1024\",\"caption\":\"Brussels Chiropractic\"},\"image\":{\"@id\":\"https:\/\/brusselschiropractic.be\/#\/schema\/logo\/image\/\"},\"sameAs\":[\"https:\/\/www.facebook.com\/BrusselsChiropractic\",\"https:\/\/www.instagram.com\/brusselschiropractic\/\"]}]}<\/script>\n<!-- \/ Yoast SEO plugin. -->","yoast_head_json":{"title":"Chiropractic Adjustments - Brusselschiropractic","robots":{"index":"index","follow":"follow","max-snippet":"max-snippet:-1","max-image-preview":"max-image-preview:large","max-video-preview":"max-video-preview:-1"},"canonical":"https:\/\/brusselschiropractic.be\/nl\/about-chiropractic\/treatment\/chiropractic-adjustments\/","og_locale":"nl_NL","og_type":"article","og_title":"Chiropractic Adjustments - Brusselschiropractic","og_description":"page content","og_url":"https:\/\/brusselschiropractic.be\/nl\/about-chiropractic\/treatment\/chiropractic-adjustments\/","og_site_name":"Brusselschiropractic","article_publisher":"https:\/\/www.facebook.com\/BrusselsChiropractic","article_modified_time":"2020-12-17T12:41:33+00:00","og_image":[{"width":300,"height":200,"url":"https:\/\/brusselschiropractic.be\/wp-content\/uploads\/2020\/06\/chiropractic-center-brussels-shoulder-neck-treatment-2-300.jpg","type":"image\/jpeg"}],"twitter_card":"summary_large_image","twitter_misc":{"Geschatte leestijd":"4 minuten"},"schema":{"@context":"https:\/\/schema.org","@graph":[{"@type":"WebPage","@id":"https:\/\/brusselschiropractic.be\/about-chiropractic\/treatment\/chiropractic-adjustments\/","url":"https:\/\/brusselschiropractic.be\/about-chiropractic\/treatment\/chiropractic-adjustments\/","name":"Chiropractic Adjustments - Brusselschiropractic","isPartOf":{"@id":"https:\/\/brusselschiropractic.be\/#website"},"primaryImageOfPage":{"@id":"https:\/\/brusselschiropractic.be\/about-chiropractic\/treatment\/chiropractic-adjustments\/#primaryimage"},"image":{"@id":"https:\/\/brusselschiropractic.be\/about-chiropractic\/treatment\/chiropractic-adjustments\/#primaryimage"},"thumbnailUrl":"https:\/\/brusselschiropractic.be\/wp-content\/uploads\/2020\/06\/chiropractic-center-brussels-shoulder-neck-treatment-2-300.jpg","datePublished":"2020-06-28T13:27:42+00:00","dateModified":"2020-12-17T12:41:33+00:00","breadcrumb":{"@id":"https:\/\/brusselschiropractic.be\/about-chiropractic\/treatment\/chiropractic-adjustments\/#breadcrumb"},"inLanguage":"nl-NL","potentialAction":[{"@type":"ReadAction","target":["https:\/\/brusselschiropractic.be\/about-chiropractic\/treatment\/chiropractic-adjustments\/"]}]},{"@type":"ImageObject","inLanguage":"nl-NL","@id":"https:\/\/brusselschiropractic.be\/about-chiropractic\/treatment\/chiropractic-adjustments\/#primaryimage","url":"https:\/\/brusselschiropractic.be\/wp-content\/uploads\/2020\/06\/chiropractic-center-brussels-shoulder-neck-treatment-2-300.jpg","contentUrl":"https:\/\/brusselschiropractic.be\/wp-content\/uploads\/2020\/06\/chiropractic-center-brussels-shoulder-neck-treatment-2-300.jpg"},{"@type":"BreadcrumbList","@id":"https:\/\/brusselschiropractic.be\/about-chiropractic\/treatment\/chiropractic-adjustments\/#breadcrumb","itemListElement":[{"@type":"ListItem","position":1,"name":"Home","item":"https:\/\/brusselschiropractic.be\/"},{"@type":"ListItem","position":2,"name":"About Chiropractic","item":"https:\/\/brusselschiropractic.be\/about-chiropractic\/"},{"@type":"ListItem","position":3,"name":"Treatment","item":"https:\/\/brusselschiropractic.be\/about-chiropractic\/treatment\/"},{"@type":"ListItem","position":4,"name":"Chiropractic Adjustments"}]},{"@type":"WebSite","@id":"https:\/\/brusselschiropractic.be\/#website","url":"https:\/\/brusselschiropractic.be\/","name":"Brussels Chiropractic","description":"Pain Relief, Injury Prevention &amp; Functional Performance","publisher":{"@id":"https:\/\/brusselschiropractic.be\/#organization"},"potentialAction":[{"@type":"SearchAction","target":{"@type":"EntryPoint","urlTemplate":"https:\/\/brusselschiropractic.be\/?s={search_term_string}"},"query-input":{"@type":"PropertyValueSpecification","valueRequired":true,"valueName":"search_term_string"}}],"inLanguage":"nl-NL"},{"@type":"Organization","@id":"https:\/\/brusselschiropractic.be\/#organization","name":"Brussels Chiropractic","url":"https:\/\/brusselschiropractic.be\/","logo":{"@type":"ImageObject","inLanguage":"nl-NL","@id":"https:\/\/brusselschiropractic.be\/#\/schema\/logo\/image\/","url":"https:\/\/brusselschiropractic.be\/wp-content\/uploads\/2020\/06\/brusselschiropractic-logo-01.svg","contentUrl":"https:\/\/brusselschiropractic.be\/wp-content\/uploads\/2020\/06\/brusselschiropractic-logo-01.svg","width":"1024","height":"1024","caption":"Brussels Chiropractic"},"image":{"@id":"https:\/\/brusselschiropractic.be\/#\/schema\/logo\/image\/"},"sameAs":["https:\/\/www.facebook.com\/BrusselsChiropractic","https:\/\/www.instagram.com\/brusselschiropractic\/"]}]}},"_links":{"self":[{"href":"https:\/\/brusselschiropractic.be\/nl\/wp-json\/wp\/v2\/pages\/440","targetHints":{"allow":["GET"]}}],"collection":[{"href":"https:\/\/brusselschiropractic.be\/nl\/wp-json\/wp\/v2\/pages"}],"about":[{"href":"https:\/\/brusselschiropractic.be\/nl\/wp-json\/wp\/v2\/types\/page"}],"author":[{"embeddable":true,"href":"https:\/\/brusselschiropractic.be\/nl\/wp-json\/wp\/v2\/users\/1"}],"replies":[{"embeddable":true,"href":"https:\/\/brusselschiropractic.be\/nl\/wp-json\/wp\/v2\/comments?post=440"}],"version-history":[{"count":10,"href":"https:\/\/brusselschiropractic.be\/nl\/wp-json\/wp\/v2\/pages\/440\/revisions"}],"predecessor-version":[{"id":1644,"href":"https:\/\/brusselschiropractic.be\/nl\/wp-json\/wp\/v2\/pages\/440\/revisions\/1644"}],"up":[{"embeddable":true,"href":"https:\/\/brusselschiropractic.be\/nl\/wp-json\/wp\/v2\/pages\/380"}],"wp:attachment":[{"href":"https:\/\/brusselschiropractic.be\/nl\/wp-json\/wp\/v2\/media?parent=440"}],"curies":[{"name":"wp","href":"https:\/\/api.w.org\/{rel}","templated":true}]}}